{"id":247,"date":"2026-01-11T13:39:29","date_gmt":"2026-01-11T12:39:29","guid":{"rendered":"https:\/\/avocat-munoz-coupey-divorce-charente.fr\/?page_id=247"},"modified":"2026-03-15T21:26:56","modified_gmt":"2026-03-15T20:26:56","slug":"mentions-legales","status":"publish","type":"page","link":"https:\/\/avocat-munoz-coupey-divorce-charente.fr\/?page_id=247","title":{"rendered":"Mentions L\u00e9gales"},"content":{"rendered":"<div class=\"wpb-content-wrapper\"><p>[vc_row][vc_column column_width_percent=\u00a0\u00bb100&Prime; align_horizontal=\u00a0\u00bbalign_center\u00a0\u00bb gutter_size=\u00a0\u00bb3&Prime; overlay_alpha=\u00a0\u00bb50&Prime; shift_x=\u00a0\u00bb0&Prime; shift_y=\u00a0\u00bb0&Prime; shift_y_down=\u00a0\u00bb0&Prime; z_index=\u00a0\u00bb0&Prime; medium_width=\u00a0\u00bb0&Prime; mobile_width=\u00a0\u00bb0&Prime; width=\u00a0\u00bb1\/1&Prime; uncode_shortcode_id=\u00a0\u00bb142898&Prime;][vc_custom_heading text_color=\u00a0\u00bbcolor-380588&Prime; heading_semantic=\u00a0\u00bbh1&Prime; text_size=\u00a0\u00bbh1&Prime; text_weight=\u00a0\u00bb500&Prime; uncode_shortcode_id=\u00a0\u00bb133903&Prime; text_color_type=\u00a0\u00bbuncode-palette\u00a0\u00bb]MENTIONS L\u00c9GALES[\/vc_custom_heading][\/vc_column][\/vc_row][vc_row row_height_percent=\u00a0\u00bb0&Prime; override_padding=\u00a0\u00bbyes\u00a0\u00bb h_padding=\u00a0\u00bb2&Prime; top_padding=\u00a0\u00bb2&Prime; bottom_padding=\u00a0\u00bb2&Prime; overlay_alpha=\u00a0\u00bb50&Prime; gutter_size=\u00a0\u00bb0&Prime; column_width_percent=\u00a0\u00bb100&Prime; shift_y=\u00a0\u00bb0&Prime; z_index=\u00a0\u00bb0&Prime; content_parallax=\u00a0\u00bb0&Prime; uncode_shortcode_id=\u00a0\u00bb150538&Prime;][vc_column column_width_percent=\u00a0\u00bb100&Prime; align_horizontal=\u00a0\u00bbalign_center\u00a0\u00bb gutter_size=\u00a0\u00bb3&Prime; overlay_alpha=\u00a0\u00bb50&Prime; shift_x=\u00a0\u00bb0&Prime; shift_y=\u00a0\u00bb0&Prime; shift_y_down=\u00a0\u00bb0&Prime; z_index=\u00a0\u00bb0&Prime; medium_width=\u00a0\u00bb1&Prime; mobile_visibility=\u00a0\u00bbyes\u00a0\u00bb mobile_width=\u00a0\u00bb0&Prime; width=\u00a0\u00bb1\/4&Prime; uncode_shortcode_id=\u00a0\u00bb796662&Prime;][\/vc_column][vc_column column_width_percent=\u00a0\u00bb100&Prime; align_horizontal=\u00a0\u00bbalign_center\u00a0\u00bb gutter_size=\u00a0\u00bb3&Prime; overlay_alpha=\u00a0\u00bb50&Prime; shift_x=\u00a0\u00bb0&Prime; shift_y=\u00a0\u00bb0&Prime; shift_y_down=\u00a0\u00bb0&Prime; z_index=\u00a0\u00bb0&Prime; medium_width=\u00a0\u00bb5&Prime; mobile_width=\u00a0\u00bb7&Prime; width=\u00a0\u00bb1\/2&Prime; uncode_shortcode_id=\u00a0\u00bb147933&Prime;][vc_custom_heading heading_semantic=\u00a0\u00bbp\u00a0\u00bb text_size=\u00a0\u00bbh4&Prime; text_weight=\u00a0\u00bb600&Prime; uncode_shortcode_id=\u00a0\u00bb562655&Prime;]Conform\u00e9ment aux dispositions des articles 6-III et 19 de la Loi n\u00b0 2004-575 du 21 juin 2004 pour la confiance dans l\u2019\u00e9conomie num\u00e9rique (LCEN), il est pr\u00e9cis\u00e9 aux utilisateurs du Site l\u2019identit\u00e9 des diff\u00e9rents intervenants dans le cadre de sa r\u00e9alisation et de son suivi.<br \/>\n<br \/>\nSELARL V\u00e9ronique Munoz &amp; Marie-G\u00e9raldine Coupey, Avocats Associ\u00e9s 30 rue d\u2019arcole 16000 ANGOULEME<br \/>\nNum\u00e9ro SIREN : 817 431 455<br \/>\nInscrite au Barreau de la Charente<br \/>\nDirecteur de la publication : V\u00e9ronique MUNOZ<br \/>\nEmail : T\u00e9l\u00e9phone : 05.45.39.55.51<br \/>\n<br \/>\nSite h\u00e9berg\u00e9 par OVH SAS est une filiale de la soci\u00e9t\u00e9 OVH Groupe SA, soci\u00e9t\u00e9 immatricul\u00e9e au RCS de Lille sous le num\u00e9ro 537 407 926 sise 2, rue Kellermann, 59100 Roubaix.<br \/>\n<br \/>\nActivit\u00e9 r\u00e9glement\u00e9e : Profession d\u2019avocat soumise aux r\u00e8gles professionnelles applicables, notamment au R\u00e8glement Int\u00e9rieur National (RIN) de la profession d\u2019avocat.[\/vc_custom_heading][\/vc_column][vc_column column_width_percent=\u00a0\u00bb100&Prime; gutter_size=\u00a0\u00bb3&Prime; overlay_alpha=\u00a0\u00bb50&Prime; shift_x=\u00a0\u00bb0&Prime; shift_y=\u00a0\u00bb0&Prime; shift_y_down=\u00a0\u00bb0&Prime; z_index=\u00a0\u00bb0&Prime; medium_width=\u00a0\u00bb1&Prime; mobile_visibility=\u00a0\u00bbyes\u00a0\u00bb mobile_width=\u00a0\u00bb0&Prime; width=\u00a0\u00bb1\/4&Prime; uncode_shortcode_id=\u00a0\u00bb176198&Prime;][\/vc_column][\/vc_row][vc_row row_height_percent=\u00a0\u00bb0&Prime; override_padding=\u00a0\u00bbyes\u00a0\u00bb h_padding=\u00a0\u00bb3&Prime; top_padding=\u00a0\u00bb3&Prime; bottom_padding=\u00a0\u00bb4&Prime; overlay_alpha=\u00a0\u00bb50&Prime; gutter_size=\u00a0\u00bb3&Prime; column_width_percent=\u00a0\u00bb100&Prime; shift_y=\u00a0\u00bb0&Prime; z_index=\u00a0\u00bb0&Prime; content_parallax=\u00a0\u00bb0&Prime; uncode_shortcode_id=\u00a0\u00bb290406&Prime;][vc_column width=\u00a0\u00bb1\/1&Prime;][vc_single_image media=\u00a0\u00bb256&Prime; media_width_percent=\u00a0\u00bb100&Prime; shape=\u00a0\u00bbimg-round\u00a0\u00bb radius=\u00a0\u00bbxl\u00a0\u00bb uncode_shortcode_id=\u00a0\u00bb214713&Prime;][\/vc_column][\/vc_row]<\/p>\n<\/div>","protected":false},"excerpt":{"rendered":"<p>[vc_row][vc_column column_width_percent=\u00a0\u00bb100&Prime; align_horizontal=\u00a0\u00bbalign_center\u00a0\u00bb gutter_size=\u00a0\u00bb3&Prime; overlay_alpha=\u00a0\u00bb50&Prime; shift_x=\u00a0\u00bb0&Prime; shift_y=\u00a0\u00bb0&Prime; shift_y_down=\u00a0\u00bb0&Prime; z_index=\u00a0\u00bb0&Prime; medium_width=\u00a0\u00bb0&Prime; mobile_width=\u00a0\u00bb0&Prime; width=\u00a0\u00bb1\/1&Prime; uncode_shortcode_id=\u00a0\u00bb142898&Prime;][vc_custom_heading text_color=\u00a0\u00bbcolor-380588&Prime; heading_semantic=\u00a0\u00bbh1&Prime; text_size=\u00a0\u00bbh1&Prime; text_weight=\u00a0\u00bb500&Prime; uncode_shortcode_id=\u00a0\u00bb133903&Prime; text_color_type=\u00a0\u00bbuncode-palette\u00a0\u00bb]MENTIONS L\u00c9GALES[\/vc_custom_heading][\/vc_column][\/vc_row][vc_row [&hellip;]<\/p>\n","protected":false},"author":1,"featured_media":0,"parent":0,"menu_order":0,"comment_status":"closed","ping_status":"closed","template":"","meta":{"inline_featured_image":false,"_themeisle_gutenberg_block_has_review":false,"footnotes":""},"class_list":["post-247","page","type-page","status-publish","hentry"],"yoast_head":"<!-- This site is optimized with the Yoast SEO plugin v25.3 - https:\/\/yoast.com\/wordpress\/plugins\/seo\/ -->\n<title>Mentions L\u00e9gales - Munoz &amp; Coupey Avocats Associ\u00e9s<\/title>\n<meta name=\"robots\" content=\"index, follow, max-snippet:-1, max-image-preview:large, max-video-preview:-1\" \/>\n<link rel=\"canonical\" href=\"https:\/\/avocat-munoz-coupey-divorce-charente.fr\/?page_id=247\" \/>\n<meta property=\"og:locale\" content=\"fr_FR\" \/>\n<meta property=\"og:type\" content=\"article\" \/>\n<meta property=\"og:title\" content=\"Mentions L\u00e9gales - Munoz &amp; Coupey Avocats Associ\u00e9s\" \/>\n<meta property=\"og:description\" content=\"[vc_row][vc_column column_width_percent=\u00a0\u00bb100&Prime; align_horizontal=\u00a0\u00bbalign_center\u00a0\u00bb gutter_size=\u00a0\u00bb3&Prime; overlay_alpha=\u00a0\u00bb50&Prime; shift_x=\u00a0\u00bb0&Prime; shift_y=\u00a0\u00bb0&Prime; shift_y_down=\u00a0\u00bb0&Prime; z_index=\u00a0\u00bb0&Prime; medium_width=\u00a0\u00bb0&Prime; mobile_width=\u00a0\u00bb0&Prime; width=\u00a0\u00bb1\/1&Prime; uncode_shortcode_id=\u00a0\u00bb142898&Prime;][vc_custom_heading text_color=\u00a0\u00bbcolor-380588&Prime; heading_semantic=\u00a0\u00bbh1&Prime; text_size=\u00a0\u00bbh1&Prime; text_weight=\u00a0\u00bb500&Prime; uncode_shortcode_id=\u00a0\u00bb133903&Prime; text_color_type=\u00a0\u00bbuncode-palette\u00a0\u00bb]MENTIONS L\u00c9GALES[\/vc_custom_heading][\/vc_column][\/vc_row][vc_row [&hellip;]\" \/>\n<meta property=\"og:url\" content=\"https:\/\/avocat-munoz-coupey-divorce-charente.fr\/?page_id=247\" \/>\n<meta property=\"og:site_name\" content=\"Munoz &amp; Coupey Avocats Associ\u00e9s\" \/>\n<meta property=\"article:modified_time\" content=\"2026-03-15T20:26:56+00:00\" \/>\n<meta name=\"twitter:card\" content=\"summary_large_image\" \/>\n<script type=\"application\/ld+json\" class=\"yoast-schema-graph\">{\"@context\":\"https:\/\/schema.org\",\"@graph\":[{\"@type\":\"WebPage\",\"@id\":\"https:\/\/avocat-munoz-coupey-divorce-charente.fr\/?page_id=247\",\"url\":\"https:\/\/avocat-munoz-coupey-divorce-charente.fr\/?page_id=247\",\"name\":\"Mentions L\u00e9gales - Munoz &amp; Coupey Avocats Associ\u00e9s\",\"isPartOf\":{\"@id\":\"https:\/\/avocat-munoz-coupey-divorce-charente.fr\/#website\"},\"datePublished\":\"2026-01-11T12:39:29+00:00\",\"dateModified\":\"2026-03-15T20:26:56+00:00\",\"breadcrumb\":{\"@id\":\"https:\/\/avocat-munoz-coupey-divorce-charente.fr\/?page_id=247#breadcrumb\"},\"inLanguage\":\"fr-FR\",\"potentialAction\":[{\"@type\":\"ReadAction\",\"target\":[\"https:\/\/avocat-munoz-coupey-divorce-charente.fr\/?page_id=247\"]}]},{\"@type\":\"BreadcrumbList\",\"@id\":\"https:\/\/avocat-munoz-coupey-divorce-charente.fr\/?page_id=247#breadcrumb\",\"itemListElement\":[{\"@type\":\"ListItem\",\"position\":1,\"name\":\"Accueil\",\"item\":\"https:\/\/avocat-munoz-coupey-divorce-charente.fr\/\"},{\"@type\":\"ListItem\",\"position\":2,\"name\":\"Mentions L\u00e9gales\"}]},{\"@type\":\"WebSite\",\"@id\":\"https:\/\/avocat-munoz-coupey-divorce-charente.fr\/#website\",\"url\":\"https:\/\/avocat-munoz-coupey-divorce-charente.fr\/\",\"name\":\"Munoz &amp; Coupey Avocats Associ\u00e9s\",\"description\":\"\",\"potentialAction\":[{\"@type\":\"SearchAction\",\"target\":{\"@type\":\"EntryPoint\",\"urlTemplate\":\"https:\/\/avocat-munoz-coupey-divorce-charente.fr\/?s={search_term_string}\"},\"query-input\":{\"@type\":\"PropertyValueSpecification\",\"valueRequired\":true,\"valueName\":\"search_term_string\"}}],\"inLanguage\":\"fr-FR\"}]}<\/script>\n<!-- \/ Yoast SEO plugin. -->","yoast_head_json":{"title":"Mentions L\u00e9gales - Munoz &amp; Coupey Avocats Associ\u00e9s","robots":{"index":"index","follow":"follow","max-snippet":"max-snippet:-1","max-image-preview":"max-image-preview:large","max-video-preview":"max-video-preview:-1"},"canonical":"https:\/\/avocat-munoz-coupey-divorce-charente.fr\/?page_id=247","og_locale":"fr_FR","og_type":"article","og_title":"Mentions L\u00e9gales - Munoz &amp; Coupey Avocats Associ\u00e9s","og_description":"[vc_row][vc_column column_width_percent=\u00a0\u00bb100&Prime; align_horizontal=\u00a0\u00bbalign_center\u00a0\u00bb gutter_size=\u00a0\u00bb3&Prime; overlay_alpha=\u00a0\u00bb50&Prime; shift_x=\u00a0\u00bb0&Prime; shift_y=\u00a0\u00bb0&Prime; shift_y_down=\u00a0\u00bb0&Prime; z_index=\u00a0\u00bb0&Prime; medium_width=\u00a0\u00bb0&Prime; mobile_width=\u00a0\u00bb0&Prime; width=\u00a0\u00bb1\/1&Prime; uncode_shortcode_id=\u00a0\u00bb142898&Prime;][vc_custom_heading text_color=\u00a0\u00bbcolor-380588&Prime; heading_semantic=\u00a0\u00bbh1&Prime; text_size=\u00a0\u00bbh1&Prime; text_weight=\u00a0\u00bb500&Prime; uncode_shortcode_id=\u00a0\u00bb133903&Prime; text_color_type=\u00a0\u00bbuncode-palette\u00a0\u00bb]MENTIONS L\u00c9GALES[\/vc_custom_heading][\/vc_column][\/vc_row][vc_row [&hellip;]","og_url":"https:\/\/avocat-munoz-coupey-divorce-charente.fr\/?page_id=247","og_site_name":"Munoz &amp; Coupey Avocats Associ\u00e9s","article_modified_time":"2026-03-15T20:26:56+00:00","twitter_card":"summary_large_image","schema":{"@context":"https:\/\/schema.org","@graph":[{"@type":"WebPage","@id":"https:\/\/avocat-munoz-coupey-divorce-charente.fr\/?page_id=247","url":"https:\/\/avocat-munoz-coupey-divorce-charente.fr\/?page_id=247","name":"Mentions L\u00e9gales - Munoz &amp; Coupey Avocats Associ\u00e9s","isPartOf":{"@id":"https:\/\/avocat-munoz-coupey-divorce-charente.fr\/#website"},"datePublished":"2026-01-11T12:39:29+00:00","dateModified":"2026-03-15T20:26:56+00:00","breadcrumb":{"@id":"https:\/\/avocat-munoz-coupey-divorce-charente.fr\/?page_id=247#breadcrumb"},"inLanguage":"fr-FR","potentialAction":[{"@type":"ReadAction","target":["https:\/\/avocat-munoz-coupey-divorce-charente.fr\/?page_id=247"]}]},{"@type":"BreadcrumbList","@id":"https:\/\/avocat-munoz-coupey-divorce-charente.fr\/?page_id=247#breadcrumb","itemListElement":[{"@type":"ListItem","position":1,"name":"Accueil","item":"https:\/\/avocat-munoz-coupey-divorce-charente.fr\/"},{"@type":"ListItem","position":2,"name":"Mentions L\u00e9gales"}]},{"@type":"WebSite","@id":"https:\/\/avocat-munoz-coupey-divorce-charente.fr\/#website","url":"https:\/\/avocat-munoz-coupey-divorce-charente.fr\/","name":"Munoz &amp; Coupey Avocats Associ\u00e9s","description":"","potentialAction":[{"@type":"SearchAction","target":{"@type":"EntryPoint","urlTemplate":"https:\/\/avocat-munoz-coupey-divorce-charente.fr\/?s={search_term_string}"},"query-input":{"@type":"PropertyValueSpecification","valueRequired":true,"valueName":"search_term_string"}}],"inLanguage":"fr-FR"}]}},"_links":{"self":[{"href":"https:\/\/avocat-munoz-coupey-divorce-charente.fr\/index.php?rest_route=\/wp\/v2\/pages\/247","targetHints":{"allow":["GET"]}}],"collection":[{"href":"https:\/\/avocat-munoz-coupey-divorce-charente.fr\/index.php?rest_route=\/wp\/v2\/pages"}],"about":[{"href":"https:\/\/avocat-munoz-coupey-divorce-charente.fr\/index.php?rest_route=\/wp\/v2\/types\/page"}],"author":[{"embeddable":true,"href":"https:\/\/avocat-munoz-coupey-divorce-charente.fr\/index.php?rest_route=\/wp\/v2\/users\/1"}],"replies":[{"embeddable":true,"href":"https:\/\/avocat-munoz-coupey-divorce-charente.fr\/index.php?rest_route=%2Fwp%2Fv2%2Fcomments&post=247"}],"version-history":[{"count":22,"href":"https:\/\/avocat-munoz-coupey-divorce-charente.fr\/index.php?rest_route=\/wp\/v2\/pages\/247\/revisions"}],"predecessor-version":[{"id":791,"href":"https:\/\/avocat-munoz-coupey-divorce-charente.fr\/index.php?rest_route=\/wp\/v2\/pages\/247\/revisions\/791"}],"wp:attachment":[{"href":"https:\/\/avocat-munoz-coupey-divorce-charente.fr\/index.php?rest_route=%2Fwp%2Fv2%2Fmedia&parent=247"}],"curies":[{"name":"wp","href":"https:\/\/api.w.org\/{rel}","templated":true}]}}