{"id":135,"date":"2026-01-10T13:50:34","date_gmt":"2026-01-10T12:50:34","guid":{"rendered":"https:\/\/avocat-munoz-coupey-divorce-charente.fr\/?page_id=135"},"modified":"2026-04-10T18:39:04","modified_gmt":"2026-04-10T16:39:04","slug":"nos-honoraires","status":"publish","type":"page","link":"https:\/\/avocat-munoz-coupey-divorce-charente.fr\/?page_id=135","title":{"rendered":"NOS HONORAIRES"},"content":{"rendered":"<div class=\"wpb-content-wrapper\"><p>[vc_row][vc_column column_width_percent=\u00a0\u00bb100&Prime; align_horizontal=\u00a0\u00bbalign_center\u00a0\u00bb gutter_size=\u00a0\u00bb3&Prime; overlay_alpha=\u00a0\u00bb50&Prime; shift_x=\u00a0\u00bb0&Prime; shift_y=\u00a0\u00bb0&Prime; shift_y_down=\u00a0\u00bb0&Prime; z_index=\u00a0\u00bb0&Prime; medium_width=\u00a0\u00bb0&Prime; mobile_width=\u00a0\u00bb0&Prime; width=\u00a0\u00bb1\/1&Prime; uncode_shortcode_id=\u00a0\u00bb142898&Prime;][vc_custom_heading text_color=\u00a0\u00bbcolor-380588&Prime; heading_semantic=\u00a0\u00bbh1&Prime; text_size=\u00a0\u00bbh1&Prime; text_weight=\u00a0\u00bb500&Prime; uncode_shortcode_id=\u00a0\u00bb221577&Prime; text_color_type=\u00a0\u00bbuncode-palette\u00a0\u00bb]NOS HONORAIRES[\/vc_custom_heading][\/vc_column][\/vc_row][vc_row row_height_percent=\u00a0\u00bb0&Prime; override_padding=\u00a0\u00bbyes\u00a0\u00bb h_padding=\u00a0\u00bb3&Prime; top_padding=\u00a0\u00bb2&Prime; bottom_padding=\u00a0\u00bb2&Prime; overlay_alpha=\u00a0\u00bb50&Prime; gutter_size=\u00a0\u00bb3&Prime; column_width_percent=\u00a0\u00bb100&Prime; shift_y=\u00a0\u00bb0&Prime; z_index=\u00a0\u00bb0&Prime; content_parallax=\u00a0\u00bb0&Prime; uncode_shortcode_id=\u00a0\u00bb924376&Prime;][vc_column width=\u00a0\u00bb1\/1&Prime;][vc_single_image media=\u00a0\u00bb715&Prime; media_width_percent=\u00a0\u00bb100&Prime; shape=\u00a0\u00bbimg-round\u00a0\u00bb radius=\u00a0\u00bbxl\u00a0\u00bb uncode_shortcode_id=\u00a0\u00bb152539&Prime;][\/vc_column][\/vc_row][vc_row row_height_percent=\u00a0\u00bb0&Prime; override_padding=\u00a0\u00bbyes\u00a0\u00bb h_padding=\u00a0\u00bb6&Prime; top_padding=\u00a0\u00bb2&Prime; bottom_padding=\u00a0\u00bb3&Prime; overlay_alpha=\u00a0\u00bb50&Prime; gutter_size=\u00a0\u00bb0&Prime; column_width_percent=\u00a0\u00bb100&Prime; shift_y=\u00a0\u00bb0&Prime; z_index=\u00a0\u00bb0&Prime; medium_visibility=\u00a0\u00bbyes\u00a0\u00bb mobile_visibility=\u00a0\u00bbyes\u00a0\u00bb content_parallax=\u00a0\u00bb0&Prime; uncode_shortcode_id=\u00a0\u00bb780437&Prime;][vc_column column_width_percent=\u00a0\u00bb100&Prime; align_horizontal=\u00a0\u00bbalign_center\u00a0\u00bb gutter_size=\u00a0\u00bb3&Prime; overlay_alpha=\u00a0\u00bb50&Prime; shift_x=\u00a0\u00bb0&Prime; shift_y=\u00a0\u00bb0&Prime; shift_y_down=\u00a0\u00bb0&Prime; z_index=\u00a0\u00bb0&Prime; medium_width=\u00a0\u00bb7&Prime; mobile_width=\u00a0\u00bb7&Prime; width=\u00a0\u00bb1\/2&Prime; uncode_shortcode_id=\u00a0\u00bb852196&Prime;][vc_custom_heading heading_semantic=\u00a0\u00bbp\u00a0\u00bb text_weight=\u00a0\u00bb500&Prime; uncode_shortcode_id=\u00a0\u00bb146880&Prime;]Les honoraires du cabinet MUNOZ &amp; COUPEY sont fix\u00e9s en toute<br \/>\ntransparence, conform\u00e9ment aux r\u00e8gles d\u00e9ontologiques<br \/>\nde la profession d\u2019avocat.[\/vc_custom_heading][vc_custom_heading heading_semantic=\u00a0\u00bbp\u00a0\u00bb text_weight=\u00a0\u00bb500&Prime; uncode_shortcode_id=\u00a0\u00bb236188&Prime;]Une convention d\u2019honoraires \u00e9crite est syst\u00e9matiquement<br \/>\npropos\u00e9e avant toute intervention, pr\u00e9cisant les modalit\u00e9s de<br \/>\ncalcul et les diligences pr\u00e9vues.[\/vc_custom_heading][vc_custom_heading heading_semantic=\u00a0\u00bbp\u00a0\u00bb text_weight=\u00a0\u00bb500&Prime; uncode_shortcode_id=\u00a0\u00bb354005&Prime;]Selon la nature du dossier, les honoraires peuvent \u00eatre fix\u00e9s au<br \/>\ntemps pass\u00e9, au forfait ou partiellement au r\u00e9sultat, dans le strict<br \/>\nrespect des r\u00e8gles d\u00e9ontologiques.[\/vc_custom_heading][vc_custom_heading heading_semantic=\u00a0\u00bbp\u00a0\u00bb text_weight=\u00a0\u00bb500&Prime; uncode_shortcode_id=\u00a0\u00bb423438&Prime;]Le cabinet accepte, sous conditions, les dossiers pris en charge<br \/>\npar l\u2019aide juridictionnelle ou les assurances de protection<br \/>\njuridique.[\/vc_custom_heading][vc_custom_heading heading_semantic=\u00a0\u00bbp\u00a0\u00bb text_weight=\u00a0\u00bb500&Prime; uncode_shortcode_id=\u00a0\u00bb880656&Prime;]Chaque client est inform\u00e9 \u00e0 l\u2019avance des co\u00fbts pr\u00e9visibles et<br \/>\nb\u00e9n\u00e9ficie d&rsquo;un suivi d\u00e9taill\u00e9 de l&rsquo;\u00e9volution de son dossier.[\/vc_custom_heading][\/vc_column][\/vc_row][vc_row row_height_percent=\u00a0\u00bb0&Prime; override_padding=\u00a0\u00bbyes\u00a0\u00bb h_padding=\u00a0\u00bb6&Prime; top_padding=\u00a0\u00bb2&Prime; bottom_padding=\u00a0\u00bb4&Prime; overlay_alpha=\u00a0\u00bb50&Prime; gutter_size=\u00a0\u00bb0&Prime; column_width_percent=\u00a0\u00bb100&Prime; shift_y=\u00a0\u00bb0&Prime; z_index=\u00a0\u00bb0&Prime; desktop_visibility=\u00a0\u00bbyes\u00a0\u00bb mobile_visibility=\u00a0\u00bbyes\u00a0\u00bb content_parallax=\u00a0\u00bb0&Prime; uncode_shortcode_id=\u00a0\u00bb794113&Prime;][vc_column column_width_percent=\u00a0\u00bb100&Prime; align_horizontal=\u00a0\u00bbalign_center\u00a0\u00bb gutter_size=\u00a0\u00bb3&Prime; overlay_alpha=\u00a0\u00bb50&Prime; shift_x=\u00a0\u00bb0&Prime; shift_y=\u00a0\u00bb0&Prime; shift_y_down=\u00a0\u00bb0&Prime; z_index=\u00a0\u00bb0&Prime; medium_width=\u00a0\u00bb7&Prime; mobile_width=\u00a0\u00bb7&Prime; width=\u00a0\u00bb1\/2&Prime; uncode_shortcode_id=\u00a0\u00bb852196&Prime;][vc_custom_heading heading_semantic=\u00a0\u00bbp\u00a0\u00bb text_weight=\u00a0\u00bb500&Prime; uncode_shortcode_id=\u00a0\u00bb700405&Prime;]Les honoraires du cabinet MUNOZ &amp; COUPEY sont fix\u00e9s en toute transparence, conform\u00e9ment aux r\u00e8gles d\u00e9ontologiques de la profession d\u2019avocat.[\/vc_custom_heading][vc_custom_heading heading_semantic=\u00a0\u00bbp\u00a0\u00bb text_weight=\u00a0\u00bb500&Prime; uncode_shortcode_id=\u00a0\u00bb958105&Prime;]Une convention d\u2019honoraires \u00e9crite est syst\u00e9matiquement propos\u00e9e avant toute intervention, pr\u00e9cisant les modalit\u00e9s de calcul et les diligences pr\u00e9vues.[\/vc_custom_heading][vc_custom_heading heading_semantic=\u00a0\u00bbp\u00a0\u00bb text_weight=\u00a0\u00bb500&Prime; uncode_shortcode_id=\u00a0\u00bb341285&Prime;]Selon la nature du dossier, les honoraires peuvent \u00eatre fix\u00e9s au temps pass\u00e9, au forfait ou partiellement au r\u00e9sultat, dans le strict respect des r\u00e8gles d\u00e9ontologiques.[\/vc_custom_heading][vc_custom_heading heading_semantic=\u00a0\u00bbp\u00a0\u00bb text_weight=\u00a0\u00bb500&Prime; uncode_shortcode_id=\u00a0\u00bb439307&Prime;]Le cabinet accepte, sous conditions, les dossiers pris en charge par l\u2019aide juridictionnelle ou les assurances de protection juridique.[\/vc_custom_heading][vc_custom_heading heading_semantic=\u00a0\u00bbp\u00a0\u00bb text_weight=\u00a0\u00bb500&Prime; uncode_shortcode_id=\u00a0\u00bb160246&Prime;]Chaque client est inform\u00e9 \u00e0 l\u2019avance des co\u00fbts pr\u00e9visibles et b\u00e9n\u00e9ficie d&rsquo;un suivi d\u00e9taill\u00e9 de l&rsquo;\u00e9volution de son dossier.[\/vc_custom_heading][\/vc_column][\/vc_row][vc_row row_height_percent=\u00a0\u00bb0&Prime; override_padding=\u00a0\u00bbyes\u00a0\u00bb h_padding=\u00a0\u00bb6&Prime; top_padding=\u00a0\u00bb2&Prime; bottom_padding=\u00a0\u00bb4&Prime; overlay_alpha=\u00a0\u00bb50&Prime; gutter_size=\u00a0\u00bb0&Prime; column_width_percent=\u00a0\u00bb100&Prime; shift_y=\u00a0\u00bb0&Prime; z_index=\u00a0\u00bb0&Prime; desktop_visibility=\u00a0\u00bbyes\u00a0\u00bb medium_visibility=\u00a0\u00bbyes\u00a0\u00bb content_parallax=\u00a0\u00bb0&Prime; uncode_shortcode_id=\u00a0\u00bb170606&Prime;][vc_column column_width_percent=\u00a0\u00bb100&Prime; align_horizontal=\u00a0\u00bbalign_center\u00a0\u00bb gutter_size=\u00a0\u00bb2&Prime; overlay_alpha=\u00a0\u00bb50&Prime; shift_x=\u00a0\u00bb0&Prime; shift_y=\u00a0\u00bb0&Prime; shift_y_down=\u00a0\u00bb0&Prime; z_index=\u00a0\u00bb0&Prime; medium_width=\u00a0\u00bb7&Prime; mobile_width=\u00a0\u00bb7&Prime; width=\u00a0\u00bb1\/2&Prime; uncode_shortcode_id=\u00a0\u00bb904142&Prime;][vc_custom_heading heading_semantic=\u00a0\u00bbp\u00a0\u00bb text_size=\u00a0\u00bbh5&Prime; text_weight=\u00a0\u00bb500&Prime; uncode_shortcode_id=\u00a0\u00bb103656&Prime;]Les honoraires du cabinet MUNOZ &amp; COUPEY sont fix\u00e9s en toute transparence, conform\u00e9ment aux r\u00e8gles d\u00e9ontologiques de la profession d\u2019avocat.[\/vc_custom_heading][vc_custom_heading heading_semantic=\u00a0\u00bbp\u00a0\u00bb text_size=\u00a0\u00bbh5&Prime; text_weight=\u00a0\u00bb500&Prime; uncode_shortcode_id=\u00a0\u00bb219167&Prime;]Une convention d\u2019honoraires \u00e9crite est syst\u00e9matiquement propos\u00e9e avant toute intervention, pr\u00e9cisant les modalit\u00e9s de calcul et les diligences pr\u00e9vues.[\/vc_custom_heading][vc_custom_heading heading_semantic=\u00a0\u00bbp\u00a0\u00bb text_size=\u00a0\u00bbh5&Prime; text_weight=\u00a0\u00bb500&Prime; uncode_shortcode_id=\u00a0\u00bb885623&Prime;]Selon la nature du dossier, les honoraires peuvent \u00eatre fix\u00e9s au temps pass\u00e9, au forfait ou partiellement au r\u00e9sultat, dans le strict respect des r\u00e8gles d\u00e9ontologiques.[\/vc_custom_heading][vc_custom_heading heading_semantic=\u00a0\u00bbp\u00a0\u00bb text_size=\u00a0\u00bbh5&Prime; text_weight=\u00a0\u00bb500&Prime; uncode_shortcode_id=\u00a0\u00bb647352&Prime;]Le cabinet accepte, sous conditions, les dossiers pris en charge par l\u2019aide juridictionnelle ou les assurances de protection juridique.[\/vc_custom_heading][vc_custom_heading heading_semantic=\u00a0\u00bbp\u00a0\u00bb text_size=\u00a0\u00bbh5&Prime; text_weight=\u00a0\u00bb500&Prime; uncode_shortcode_id=\u00a0\u00bb753222&Prime;]Chaque client est inform\u00e9 \u00e0 l\u2019avance des co\u00fbts pr\u00e9visibles et b\u00e9n\u00e9ficie d&rsquo;un suivi d\u00e9taill\u00e9 de l&rsquo;\u00e9volution de son dossier.[\/vc_custom_heading][\/vc_column][\/vc_row][vc_row row_height_percent=\u00a0\u00bb0&Prime; override_padding=\u00a0\u00bbyes\u00a0\u00bb h_padding=\u00a0\u00bb0&Prime; top_padding=\u00a0\u00bb0&Prime; bottom_padding=\u00a0\u00bb4&Prime; overlay_alpha=\u00a0\u00bb50&Prime; gutter_size=\u00a0\u00bb0&Prime; column_width_percent=\u00a0\u00bb100&Prime; shift_y=\u00a0\u00bb0&Prime; z_index=\u00a0\u00bb0&Prime; content_parallax=\u00a0\u00bb0&Prime; uncode_shortcode_id=\u00a0\u00bb118211&Prime;][vc_column column_width_percent=\u00a0\u00bb100&Prime; gutter_size=\u00a0\u00bb3&Prime; overlay_alpha=\u00a0\u00bb50&Prime; shift_x=\u00a0\u00bb0&Prime; shift_y=\u00a0\u00bb0&Prime; shift_y_down=\u00a0\u00bb0&Prime; z_index=\u00a0\u00bb0&Prime; medium_width=\u00a0\u00bb1&Prime; mobile_visibility=\u00a0\u00bbyes\u00a0\u00bb mobile_width=\u00a0\u00bb0&Prime; width=\u00a0\u00bb1\/4&Prime; uncode_shortcode_id=\u00a0\u00bb390737&Prime;][\/vc_column][vc_column column_width_percent=\u00a0\u00bb100&Prime; position_vertical=\u00a0\u00bbmiddle\u00a0\u00bb align_horizontal=\u00a0\u00bbalign_center\u00a0\u00bb gutter_size=\u00a0\u00bb3&Prime; overlay_alpha=\u00a0\u00bb50&Prime; shift_x=\u00a0\u00bb0&Prime; shift_y=\u00a0\u00bb0&Prime; shift_y_down=\u00a0\u00bb0&Prime; z_index=\u00a0\u00bb0&Prime; medium_width=\u00a0\u00bb5&Prime; mobile_width=\u00a0\u00bb7&Prime; width=\u00a0\u00bb1\/2&Prime; uncode_shortcode_id=\u00a0\u00bb100586&Prime; el_class=\u00a0\u00bbcol-zoom-effect\u00a0\u00bb][vc_button button_color=\u00a0\u00bbcolor-194088&Prime; radius=\u00a0\u00bbbtn-round\u00a0\u00bb wide=\u00a0\u00bbyes\u00a0\u00bb border_width=\u00a0\u00bb0&Prime; uncode_shortcode_id=\u00a0\u00bb477188&Prime; button_color_type=\u00a0\u00bbuncode-palette\u00a0\u00bb link=\u00a0\u00bburl:https%3A%2F%2Favocat-munoz-coupey-divorce-charente.fr%2F%3Fpage_id%3D137|title:CONTACTEZ-NOUS\u00a0\u00bb]PRENDRE RDV[\/vc_button][\/vc_column][vc_column column_width_percent=\u00a0\u00bb100&Prime; gutter_size=\u00a0\u00bb3&Prime; overlay_alpha=\u00a0\u00bb50&Prime; shift_x=\u00a0\u00bb0&Prime; shift_y=\u00a0\u00bb0&Prime; shift_y_down=\u00a0\u00bb0&Prime; z_index=\u00a0\u00bb0&Prime; medium_width=\u00a0\u00bb1&Prime; mobile_visibility=\u00a0\u00bbyes\u00a0\u00bb mobile_width=\u00a0\u00bb1&Prime; width=\u00a0\u00bb1\/4&Prime; uncode_shortcode_id=\u00a0\u00bb170332&Prime;][\/vc_column][\/vc_row]<\/p>\n<\/div>","protected":false},"excerpt":{"rendered":"<p>[vc_row][vc_column column_width_percent=\u00a0\u00bb100&Prime; align_horizontal=\u00a0\u00bbalign_center\u00a0\u00bb gutter_size=\u00a0\u00bb3&Prime; overlay_alpha=\u00a0\u00bb50&Prime; shift_x=\u00a0\u00bb0&Prime; shift_y=\u00a0\u00bb0&Prime; shift_y_down=\u00a0\u00bb0&Prime; z_index=\u00a0\u00bb0&Prime; medium_width=\u00a0\u00bb0&Prime; mobile_width=\u00a0\u00bb0&Prime; width=\u00a0\u00bb1\/1&Prime; uncode_shortcode_id=\u00a0\u00bb142898&Prime;][vc_custom_heading text_color=\u00a0\u00bbcolor-380588&Prime; heading_semantic=\u00a0\u00bbh1&Prime; text_size=\u00a0\u00bbh1&Prime; text_weight=\u00a0\u00bb500&Prime; uncode_shortcode_id=\u00a0\u00bb221577&Prime; text_color_type=\u00a0\u00bbuncode-palette\u00a0\u00bb]NOS HONORAIRES[\/vc_custom_heading][\/vc_column][\/vc_row][vc_row [&hellip;]<\/p>\n","protected":false},"author":1,"featured_media":0,"parent":0,"menu_order":0,"comment_status":"closed","ping_status":"closed","template":"","meta":{"inline_featured_image":false,"_themeisle_gutenberg_block_has_review":false,"footnotes":""},"class_list":["post-135","page","type-page","status-publish","hentry"],"yoast_head":"<!-- This site is optimized with the Yoast SEO plugin v25.3 - https:\/\/yoast.com\/wordpress\/plugins\/seo\/ -->\n<title>NOS HONORAIRES - Munoz &amp; Coupey Avocats Associ\u00e9s<\/title>\n<meta name=\"robots\" content=\"index, follow, max-snippet:-1, max-image-preview:large, max-video-preview:-1\" \/>\n<link rel=\"canonical\" href=\"https:\/\/avocat-munoz-coupey-divorce-charente.fr\/?page_id=135\" \/>\n<meta property=\"og:locale\" content=\"fr_FR\" \/>\n<meta property=\"og:type\" content=\"article\" \/>\n<meta property=\"og:title\" content=\"NOS HONORAIRES - Munoz &amp; Coupey Avocats Associ\u00e9s\" \/>\n<meta property=\"og:description\" content=\"[vc_row][vc_column column_width_percent=\u00a0\u00bb100&Prime; align_horizontal=\u00a0\u00bbalign_center\u00a0\u00bb gutter_size=\u00a0\u00bb3&Prime; overlay_alpha=\u00a0\u00bb50&Prime; shift_x=\u00a0\u00bb0&Prime; shift_y=\u00a0\u00bb0&Prime; shift_y_down=\u00a0\u00bb0&Prime; z_index=\u00a0\u00bb0&Prime; medium_width=\u00a0\u00bb0&Prime; mobile_width=\u00a0\u00bb0&Prime; width=\u00a0\u00bb1\/1&Prime; uncode_shortcode_id=\u00a0\u00bb142898&Prime;][vc_custom_heading text_color=\u00a0\u00bbcolor-380588&Prime; heading_semantic=\u00a0\u00bbh1&Prime; text_size=\u00a0\u00bbh1&Prime; text_weight=\u00a0\u00bb500&Prime; uncode_shortcode_id=\u00a0\u00bb221577&Prime; text_color_type=\u00a0\u00bbuncode-palette\u00a0\u00bb]NOS HONORAIRES[\/vc_custom_heading][\/vc_column][\/vc_row][vc_row [&hellip;]\" \/>\n<meta property=\"og:url\" content=\"https:\/\/avocat-munoz-coupey-divorce-charente.fr\/?page_id=135\" \/>\n<meta property=\"og:site_name\" content=\"Munoz &amp; Coupey Avocats Associ\u00e9s\" \/>\n<meta property=\"article:modified_time\" content=\"2026-04-10T16:39:04+00:00\" \/>\n<meta name=\"twitter:card\" content=\"summary_large_image\" \/>\n<script type=\"application\/ld+json\" class=\"yoast-schema-graph\">{\"@context\":\"https:\/\/schema.org\",\"@graph\":[{\"@type\":\"WebPage\",\"@id\":\"https:\/\/avocat-munoz-coupey-divorce-charente.fr\/?page_id=135\",\"url\":\"https:\/\/avocat-munoz-coupey-divorce-charente.fr\/?page_id=135\",\"name\":\"NOS HONORAIRES - Munoz &amp; Coupey Avocats Associ\u00e9s\",\"isPartOf\":{\"@id\":\"https:\/\/avocat-munoz-coupey-divorce-charente.fr\/#website\"},\"datePublished\":\"2026-01-10T12:50:34+00:00\",\"dateModified\":\"2026-04-10T16:39:04+00:00\",\"breadcrumb\":{\"@id\":\"https:\/\/avocat-munoz-coupey-divorce-charente.fr\/?page_id=135#breadcrumb\"},\"inLanguage\":\"fr-FR\",\"potentialAction\":[{\"@type\":\"ReadAction\",\"target\":[\"https:\/\/avocat-munoz-coupey-divorce-charente.fr\/?page_id=135\"]}]},{\"@type\":\"BreadcrumbList\",\"@id\":\"https:\/\/avocat-munoz-coupey-divorce-charente.fr\/?page_id=135#breadcrumb\",\"itemListElement\":[{\"@type\":\"ListItem\",\"position\":1,\"name\":\"Accueil\",\"item\":\"https:\/\/avocat-munoz-coupey-divorce-charente.fr\/\"},{\"@type\":\"ListItem\",\"position\":2,\"name\":\"NOS HONORAIRES\"}]},{\"@type\":\"WebSite\",\"@id\":\"https:\/\/avocat-munoz-coupey-divorce-charente.fr\/#website\",\"url\":\"https:\/\/avocat-munoz-coupey-divorce-charente.fr\/\",\"name\":\"Munoz &amp; Coupey Avocats Associ\u00e9s\",\"description\":\"\",\"potentialAction\":[{\"@type\":\"SearchAction\",\"target\":{\"@type\":\"EntryPoint\",\"urlTemplate\":\"https:\/\/avocat-munoz-coupey-divorce-charente.fr\/?s={search_term_string}\"},\"query-input\":{\"@type\":\"PropertyValueSpecification\",\"valueRequired\":true,\"valueName\":\"search_term_string\"}}],\"inLanguage\":\"fr-FR\"}]}<\/script>\n<!-- \/ Yoast SEO plugin. -->","yoast_head_json":{"title":"NOS HONORAIRES - Munoz &amp; Coupey Avocats Associ\u00e9s","robots":{"index":"index","follow":"follow","max-snippet":"max-snippet:-1","max-image-preview":"max-image-preview:large","max-video-preview":"max-video-preview:-1"},"canonical":"https:\/\/avocat-munoz-coupey-divorce-charente.fr\/?page_id=135","og_locale":"fr_FR","og_type":"article","og_title":"NOS HONORAIRES - Munoz &amp; Coupey Avocats Associ\u00e9s","og_description":"[vc_row][vc_column column_width_percent=\u00a0\u00bb100&Prime; align_horizontal=\u00a0\u00bbalign_center\u00a0\u00bb gutter_size=\u00a0\u00bb3&Prime; overlay_alpha=\u00a0\u00bb50&Prime; shift_x=\u00a0\u00bb0&Prime; shift_y=\u00a0\u00bb0&Prime; shift_y_down=\u00a0\u00bb0&Prime; z_index=\u00a0\u00bb0&Prime; medium_width=\u00a0\u00bb0&Prime; mobile_width=\u00a0\u00bb0&Prime; width=\u00a0\u00bb1\/1&Prime; uncode_shortcode_id=\u00a0\u00bb142898&Prime;][vc_custom_heading text_color=\u00a0\u00bbcolor-380588&Prime; heading_semantic=\u00a0\u00bbh1&Prime; text_size=\u00a0\u00bbh1&Prime; text_weight=\u00a0\u00bb500&Prime; uncode_shortcode_id=\u00a0\u00bb221577&Prime; text_color_type=\u00a0\u00bbuncode-palette\u00a0\u00bb]NOS HONORAIRES[\/vc_custom_heading][\/vc_column][\/vc_row][vc_row [&hellip;]","og_url":"https:\/\/avocat-munoz-coupey-divorce-charente.fr\/?page_id=135","og_site_name":"Munoz &amp; Coupey Avocats Associ\u00e9s","article_modified_time":"2026-04-10T16:39:04+00:00","twitter_card":"summary_large_image","schema":{"@context":"https:\/\/schema.org","@graph":[{"@type":"WebPage","@id":"https:\/\/avocat-munoz-coupey-divorce-charente.fr\/?page_id=135","url":"https:\/\/avocat-munoz-coupey-divorce-charente.fr\/?page_id=135","name":"NOS HONORAIRES - Munoz &amp; Coupey Avocats Associ\u00e9s","isPartOf":{"@id":"https:\/\/avocat-munoz-coupey-divorce-charente.fr\/#website"},"datePublished":"2026-01-10T12:50:34+00:00","dateModified":"2026-04-10T16:39:04+00:00","breadcrumb":{"@id":"https:\/\/avocat-munoz-coupey-divorce-charente.fr\/?page_id=135#breadcrumb"},"inLanguage":"fr-FR","potentialAction":[{"@type":"ReadAction","target":["https:\/\/avocat-munoz-coupey-divorce-charente.fr\/?page_id=135"]}]},{"@type":"BreadcrumbList","@id":"https:\/\/avocat-munoz-coupey-divorce-charente.fr\/?page_id=135#breadcrumb","itemListElement":[{"@type":"ListItem","position":1,"name":"Accueil","item":"https:\/\/avocat-munoz-coupey-divorce-charente.fr\/"},{"@type":"ListItem","position":2,"name":"NOS HONORAIRES"}]},{"@type":"WebSite","@id":"https:\/\/avocat-munoz-coupey-divorce-charente.fr\/#website","url":"https:\/\/avocat-munoz-coupey-divorce-charente.fr\/","name":"Munoz &amp; Coupey Avocats Associ\u00e9s","description":"","potentialAction":[{"@type":"SearchAction","target":{"@type":"EntryPoint","urlTemplate":"https:\/\/avocat-munoz-coupey-divorce-charente.fr\/?s={search_term_string}"},"query-input":{"@type":"PropertyValueSpecification","valueRequired":true,"valueName":"search_term_string"}}],"inLanguage":"fr-FR"}]}},"_links":{"self":[{"href":"https:\/\/avocat-munoz-coupey-divorce-charente.fr\/index.php?rest_route=\/wp\/v2\/pages\/135","targetHints":{"allow":["GET"]}}],"collection":[{"href":"https:\/\/avocat-munoz-coupey-divorce-charente.fr\/index.php?rest_route=\/wp\/v2\/pages"}],"about":[{"href":"https:\/\/avocat-munoz-coupey-divorce-charente.fr\/index.php?rest_route=\/wp\/v2\/types\/page"}],"author":[{"embeddable":true,"href":"https:\/\/avocat-munoz-coupey-divorce-charente.fr\/index.php?rest_route=\/wp\/v2\/users\/1"}],"replies":[{"embeddable":true,"href":"https:\/\/avocat-munoz-coupey-divorce-charente.fr\/index.php?rest_route=%2Fwp%2Fv2%2Fcomments&post=135"}],"version-history":[{"count":36,"href":"https:\/\/avocat-munoz-coupey-divorce-charente.fr\/index.php?rest_route=\/wp\/v2\/pages\/135\/revisions"}],"predecessor-version":[{"id":833,"href":"https:\/\/avocat-munoz-coupey-divorce-charente.fr\/index.php?rest_route=\/wp\/v2\/pages\/135\/revisions\/833"}],"wp:attachment":[{"href":"https:\/\/avocat-munoz-coupey-divorce-charente.fr\/index.php?rest_route=%2Fwp%2Fv2%2Fmedia&parent=135"}],"curies":[{"name":"wp","href":"https:\/\/api.w.org\/{rel}","templated":true}]}}